{"id":242236,"date":"2021-09-21T13:37:55","date_gmt":"2021-09-21T11:37:55","guid":{"rendered":"https:\/\/museoditriora.it\/bibliotheque\/"},"modified":"2022-04-08T15:11:13","modified_gmt":"2022-04-08T13:11:13","slug":"bibliotheque","status":"publish","type":"page","link":"https:\/\/museoditriora.it\/fr\/bibliotheque\/","title":{"rendered":"Centre de documentation"},"content":{"rendered":"<p>[et_pb_section fb_built=\u00a0\u00bb1&Prime; _builder_version=\u00a0\u00bb4.9.11&Prime; _module_preset=\u00a0\u00bbdefault\u00a0\u00bb background_color=\u00a0\u00bb#FFFFFF\u00a0\u00bb custom_padding=\u00a0\u00bb0vw||0px||false|false\u00a0\u00bb locked=\u00a0\u00bboff\u00a0\u00bb global_colors_info=\u00a0\u00bb{}\u00a0\u00bb][et_pb_row _builder_version=\u00a0\u00bb4.9.11&Prime; _module_preset=\u00a0\u00bbdefault\u00a0\u00bb custom_padding=\u00a0\u00bb9px||9px||true|false\u00a0\u00bb global_colors_info=\u00a0\u00bb{}\u00a0\u00bb][et_pb_column type=\u00a0\u00bb4_4&Prime; _builder_version=\u00a0\u00bb4.9.11&Prime; _module_preset=\u00a0\u00bbdefault\u00a0\u00bb global_colors_info=\u00a0\u00bb{}\u00a0\u00bb][lwp_divi_breadcrumbs home_text=\u00a0\u00bbMuseo di Triora\u00a0\u00bb font_icon=\u00a0\u00bb%%20%%\u00a0\u00bb use_before_icon=\u00a0\u00bboff\u00a0\u00bb link_color=\u00a0\u00bbgcid-7cf36a45-1e18-4b55-aa69-ff60232bfc6e\u00a0\u00bb _builder_version=\u00a0\u00bb4.9.11&Prime; _module_preset=\u00a0\u00bbdefault\u00a0\u00bb module_text_color=\u00a0\u00bbgcid-773a4f86-3675-47d8-8ee3-17ce2df88ee2&Prime; module_font_size=\u00a0\u00bb15px\u00a0\u00bb custom_margin=\u00a0\u00bb||0px||false|false\u00a0\u00bb custom_padding=\u00a0\u00bb||0px||false|false\u00a0\u00bb module_font_size_tablet=\u00a0\u00bb2vw\u00a0\u00bb module_font_size_phone=\u00a0\u00bb3vw\u00a0\u00bb module_font_size_last_edited=\u00a0\u00bbon|phone\u00a0\u00bb global_colors_info=\u00a0\u00bb{%22gcid-773a4f86-3675-47d8-8ee3-17ce2df88ee2%22:%91%22module_text_color%22,%22module_text_color%22%93,%22gcid-7cf36a45-1e18-4b55-aa69-ff60232bfc6e%22:%91%22link_color%22,%22link_color%22%93}\u00a0\u00bb][\/lwp_divi_breadcrumbs][\/et_pb_column][\/et_pb_row][\/et_pb_section][et_pb_section fb_built=\u00a0\u00bb1&Prime; _builder_version=\u00a0\u00bb4.10.7&Prime; custom_margin=\u00a0\u00bb||4vw||false|false\u00a0\u00bb global_colors_info=\u00a0\u00bb{}\u00a0\u00bb][et_pb_row _builder_version=\u00a0\u00bb4.9.11&Prime; _module_preset=\u00a0\u00bbdefault\u00a0\u00bb global_colors_info=\u00a0\u00bb{}\u00a0\u00bb][et_pb_column type=\u00a0\u00bb4_4&Prime; _builder_version=\u00a0\u00bb4.9.11&Prime; _module_preset=\u00a0\u00bbdefault\u00a0\u00bb global_colors_info=\u00a0\u00bb{}\u00a0\u00bb][et_pb_text _builder_version=\u00a0\u00bb4.10.7&Prime; _module_preset=\u00a0\u00bbdefault\u00a0\u00bb text_font_size=\u00a0\u00bb20px\u00a0\u00bb header_text_align=\u00a0\u00bbcenter\u00a0\u00bb header_font_size=\u00a0\u00bb2vw\u00a0\u00bb text_orientation=\u00a0\u00bbcenter\u00a0\u00bb header_font_size_tablet=\u00a0\u00bb5vw\u00a0\u00bb header_font_size_phone=\u00a0\u00bb\u00a0\u00bb header_font_size_last_edited=\u00a0\u00bbon|phone\u00a0\u00bb global_colors_info=\u00a0\u00bb{}\u00a0\u00bb]<\/p>\n<h1>Centre de documentation<\/h1>\n<p>[\/et_pb_text][et_pb_text _builder_version=\u00a0\u00bb4.14.8&Prime; _module_preset=\u00a0\u00bbdefault\u00a0\u00bb text_font_size=\u00a0\u00bb20px\u00a0\u00bb header_text_align=\u00a0\u00bbcenter\u00a0\u00bb header_font_size=\u00a0\u00bb2vw\u00a0\u00bb text_orientation=\u00a0\u00bbcenter\u00a0\u00bb header_font_size_tablet=\u00a0\u00bb5vw\u00a0\u00bb header_font_size_phone=\u00a0\u00bb\u00a0\u00bb header_font_size_last_edited=\u00a0\u00bbon|phone\u00a0\u00bb global_colors_info=\u00a0\u00bb{}\u00a0\u00bb]<\/p>\n<h3>(exposition physique en voie d&rsquo;ach\u00e8vement)<\/h3>\n<div id=\"gtx-trans\" style=\"position: absolute; left: -66px; top: -0.5625px;\">\n<div class=\"gtx-trans-icon\"><\/div>\n<\/div>\n<p>[\/et_pb_text][\/et_pb_column][\/et_pb_row][et_pb_row column_structure=\u00a0\u00bb1_2,1_2&Prime; admin_label=\u00a0\u00bbContact\u00a0\u00bb _builder_version=\u00a0\u00bb4.9.11&Prime; global_colors_info=\u00a0\u00bb{}\u00a0\u00bb][et_pb_column type=\u00a0\u00bb1_2&Prime; _builder_version=\u00a0\u00bb3.25&Prime; custom_padding=\u00a0\u00bb|||\u00a0\u00bb global_colors_info=\u00a0\u00bb{}\u00a0\u00bb custom_padding__hover=\u00a0\u00bb|||\u00a0\u00bb][et_pb_gallery gallery_ids=\u00a0\u00bb244165,244156,244159,244162,244168,244180&Prime; fullwidth=\u00a0\u00bbon\u00a0\u00bb _builder_version=\u00a0\u00bb4.14.8&Prime; _module_preset=\u00a0\u00bbdefault\u00a0\u00bb auto=\u00a0\u00bbon\u00a0\u00bb auto_speed=\u00a0\u00bb2000&Prime; global_colors_info=\u00a0\u00bb{}\u00a0\u00bb][\/et_pb_gallery][\/et_pb_column][et_pb_column type=\u00a0\u00bb1_2&Prime; _builder_version=\u00a0\u00bb3.25&Prime; custom_padding=\u00a0\u00bb|||\u00a0\u00bb global_colors_info=\u00a0\u00bb{}\u00a0\u00bb custom_padding__hover=\u00a0\u00bb|||\u00a0\u00bb][et_pb_text _builder_version=\u00a0\u00bb4.10.7&Prime; _module_preset=\u00a0\u00bbdefault\u00a0\u00bb header_text_align=\u00a0\u00bbcenter\u00a0\u00bb header_font_size=\u00a0\u00bb41px\u00a0\u00bb text_orientation=\u00a0\u00bbjustified\u00a0\u00bb text_font_size_tablet=\u00a0\u00bb2.3vw\u00a0\u00bb text_font_size_phone=\u00a0\u00bb3.5vw\u00a0\u00bb text_font_size_last_edited=\u00a0\u00bbon|phone\u00a0\u00bb text_line_height_tablet=\u00a0\u00bb\u00a0\u00bb text_line_height_phone=\u00a0\u00bb1.6em\u00a0\u00bb text_line_height_last_edited=\u00a0\u00bbon|phone\u00a0\u00bb global_colors_info=\u00a0\u00bb{}\u00a0\u00bb]Il y a trois salles d\u00e9di\u00e9es et meubl\u00e9es \u00e0 la consultation, \u00e0 l&rsquo;issue d&rsquo;un processus d&rsquo;ajustement les volumes seront expos\u00e9s et consultables sur rendez-vous.<\/p>\n<p>La section du mus\u00e9e consacr\u00e9e \u00e0 la sorcellerie occupe une place de plus en plus importante, compte tenu de la particularit\u00e9 et du charme de la question, li\u00e9e \u00e0 une s\u00e9rie d&rsquo;\u00e9v\u00e9nements qui se sont d\u00e9roul\u00e9s au bureau du podestat de Trieste dans les ann\u00e9es 1587-1589, aliment\u00e9s par toute une s\u00e9rie de \u00e9pisodes et aussi par les mythes et l\u00e9gendes. Surtout apr\u00e8s les conf\u00e9rences organis\u00e9es par la Municipalit\u00e9, il fallait trouver des livres, des publications et des textes sur la sorcellerie, la d\u00e9monologie et la magie en g\u00e9n\u00e9ral.[\/et_pb_text][\/et_pb_column][\/et_pb_row][et_pb_row admin_label=\u00a0\u00bbContact\u00a0\u00bb _builder_version=\u00a0\u00bb4.14.8&Prime; hover_enabled=\u00a0\u00bb0&Prime; global_colors_info=\u00a0\u00bb{}\u00a0\u00bb custom_padding=\u00a0\u00bb0px||||false|false\u00a0\u00bb sticky_enabled=\u00a0\u00bb0&Prime;][et_pb_column type=\u00a0\u00bb4_4&Prime; _builder_version=\u00a0\u00bb3.25&Prime; custom_padding=\u00a0\u00bb|||\u00a0\u00bb global_colors_info=\u00a0\u00bb{}\u00a0\u00bb custom_padding__hover=\u00a0\u00bb|||\u00a0\u00bb][et_pb_text _builder_version=\u00a0\u00bb4.10.7&Prime; _module_preset=\u00a0\u00bbdefault\u00a0\u00bb header_text_align=\u00a0\u00bbcenter\u00a0\u00bb header_font_size=\u00a0\u00bb41px\u00a0\u00bb text_orientation=\u00a0\u00bbjustified\u00a0\u00bb text_font_size_tablet=\u00a0\u00bb2.3vw\u00a0\u00bb text_font_size_phone=\u00a0\u00bb3.5vw\u00a0\u00bb text_font_size_last_edited=\u00a0\u00bbon|phone\u00a0\u00bb text_line_height_tablet=\u00a0\u00bb\u00a0\u00bb text_line_height_phone=\u00a0\u00bb1.6em\u00a0\u00bb text_line_height_last_edited=\u00a0\u00bbon|phone\u00a0\u00bb global_colors_info=\u00a0\u00bb{}\u00a0\u00bb]Gr\u00e2ce \u00e0 quelques dons, cette biblioth\u00e8que tr\u00e8s particuli\u00e8re a vu le jour, puis agrandie et enrichie gr\u00e2ce \u00e0 la g\u00e9n\u00e9rosit\u00e9 de quelques \u00e9rudits. Quelques achats, \u00e9changes, ventes aux ench\u00e8res, etc. ont \u00e9t\u00e9 effectu\u00e9s. et actuellement la dotation en livres, avec quelques textes anciens pr\u00e9cieux et difficiles \u00e0 trouver, a atteint plusieurs centaines d&rsquo;unit\u00e9s. Toute personne disposant de textes relatifs au sujet est invit\u00e9e \u00e0 collaborer, afin que toutes les personnes int\u00e9ress\u00e9es, y compris les \u00e9tudiants, puissent profiter de ce service.[\/et_pb_text][\/et_pb_column][\/et_pb_row][et_pb_row admin_label=\u00a0\u00bbContact\u00a0\u00bb _builder_version=\u00a0\u00bb4.9.11&Prime; global_colors_info=\u00a0\u00bb{}\u00a0\u00bb][et_pb_column type=\u00a0\u00bb4_4&Prime; _builder_version=\u00a0\u00bb3.25&Prime; custom_padding=\u00a0\u00bb|||\u00a0\u00bb global_colors_info=\u00a0\u00bb{}\u00a0\u00bb custom_padding__hover=\u00a0\u00bb|||\u00a0\u00bb][et_pb_button button_url=\u00a0\u00bbhttps:\/\/museoditriora.it\/fr\/volumes-de-la-bibliotheque\/\u00a0\u00bb button_text=\u00a0\u00bbD\u00e9couvrez les publications de la biblioth\u00e8que\u00a0\u00bb button_alignment=\u00a0\u00bbcenter\u00a0\u00bb _builder_version=\u00a0\u00bb4.14.8&Prime; _module_preset=\u00a0\u00bbdefault\u00a0\u00bb custom_button=\u00a0\u00bbon\u00a0\u00bb button_text_size=\u00a0\u00bb19px\u00a0\u00bb button_on_hover=\u00a0\u00bboff\u00a0\u00bb hover_enabled=\u00a0\u00bb0&Prime; locked=\u00a0\u00bboff\u00a0\u00bb global_colors_info=\u00a0\u00bb{}\u00a0\u00bb sticky_enabled=\u00a0\u00bb0&Prime;][\/et_pb_button][\/et_pb_column][\/et_pb_row][\/et_pb_section]<\/p>\n","protected":false},"excerpt":{"rendered":"<p><div class=\"et_pb_module lwp_divi_breadcrumbs lwp_divi_breadcrumbs_0\">\n\t\t\t\t\n\t\t\t\t\n\t\t\t\t\n\t\t\t\t\n\t\t\t\t\n\t\t\t\t\n\t\t\t\t<div class=\"et_pb_module_inner\">\n\t\t\t\t\t<div class=\"lwp-breadcrumbs\"> <span class=\"before\"><\/span> <span vocab=\"https:\/\/schema.org\/\" typeof=\"BreadcrumbList\"><span property=\"itemListElement\" typeof=\"ListItem\"><a property=\"item\" typeof=\"WebPage\" href=\"https:\/\/museoditriora.it\/fr\/\" class=\"home\"><span property=\"name\">Museo di Triora<\/span><\/a><meta property=\"position\" content=\"1\"><\/span> <span class=\"separator et-pb-icon\">5<\/span> <\/span><\/div>\n\t\t\t\t<\/div>\n\t\t\t<\/div>Centre de documentation(exposition physique en voie d&rsquo;ach\u00e8vement) Il y a trois salles d\u00e9di\u00e9es et meubl\u00e9es \u00e0 la consultation, \u00e0 l&rsquo;issue d&rsquo;un processus d&rsquo;ajustement les volumes seront expos\u00e9s et consultables sur rendez-vous. La section du mus\u00e9e consacr\u00e9e \u00e0 la sorcellerie [&hellip;]<\/p>\n","protected":false},"author":1,"featured_media":242493,"parent":0,"menu_order":0,"comment_status":"closed","ping_status":"open","template":"","meta":{"_et_pb_use_builder":"on","_et_pb_old_content":"","_et_gb_content_width":"","footnotes":""},"class_list":["post-242236","page","type-page","status-publish","has-post-thumbnail","hentry"],"yoast_head":"<!-- This site is optimized with the Yoast SEO plugin v27.3 - https:\/\/yoast.com\/product\/yoast-seo-wordpress\/ -->\n<title>Centre de documentation &#8226; Museo di Triora<\/title>\n<meta name=\"description\" content=\"La biblioth\u00e8que du mus\u00e9e contient des livres, des publications et des textes sur la sorcellerie, la d\u00e9monologie et la magie en g\u00e9n\u00e9ral\" \/>\n<meta name=\"robots\" content=\"index, follow, max-snippet:-1, max-image-preview:large, max-video-preview:-1\" \/>\n<link rel=\"canonical\" href=\"https:\/\/museoditriora.it\/fr\/bibliotheque\/\" \/>\n<meta property=\"og:locale\" content=\"fr_FR\" \/>\n<meta property=\"og:type\" content=\"article\" \/>\n<meta property=\"og:title\" content=\"Centre de documentation &#8226; Museo di Triora\" \/>\n<meta property=\"og:description\" content=\"La biblioth\u00e8que du mus\u00e9e contient des livres, des publications et des textes sur la sorcellerie, la d\u00e9monologie et la magie en g\u00e9n\u00e9ral\" \/>\n<meta property=\"og:url\" content=\"https:\/\/museoditriora.it\/fr\/bibliotheque\/\" \/>\n<meta property=\"og:site_name\" content=\"Museo di Triora\" \/>\n<meta property=\"article:publisher\" content=\"https:\/\/www.facebook.com\/museoditriora\" \/>\n<meta property=\"article:modified_time\" content=\"2022-04-08T13:11:13+00:00\" \/>\n<meta property=\"og:image\" content=\"https:\/\/museoditriora.it\/wp-content\/uploads\/2021\/09\/Bibliotec.jpg\" \/>\n\t<meta property=\"og:image:width\" content=\"900\" \/>\n\t<meta property=\"og:image:height\" content=\"563\" \/>\n\t<meta property=\"og:image:type\" content=\"image\/jpeg\" \/>\n<meta name=\"twitter:card\" content=\"summary_large_image\" \/>\n<meta name=\"twitter:label1\" content=\"Dur\u00e9e de lecture estim\u00e9e\" \/>\n\t<meta name=\"twitter:data1\" content=\"4 minutes\" \/>\n<script type=\"application\/ld+json\" class=\"yoast-schema-graph\">{\"@context\":\"https:\\\/\\\/schema.org\",\"@graph\":[{\"@type\":\"WebPage\",\"@id\":\"https:\\\/\\\/museoditriora.it\\\/fr\\\/bibliotheque\\\/\",\"url\":\"https:\\\/\\\/museoditriora.it\\\/fr\\\/bibliotheque\\\/\",\"name\":\"Centre de documentation &#8226; Museo di Triora\",\"isPartOf\":{\"@id\":\"https:\\\/\\\/museoditriora.it\\\/fr\\\/#website\"},\"primaryImageOfPage\":{\"@id\":\"https:\\\/\\\/museoditriora.it\\\/fr\\\/bibliotheque\\\/#primaryimage\"},\"image\":{\"@id\":\"https:\\\/\\\/museoditriora.it\\\/fr\\\/bibliotheque\\\/#primaryimage\"},\"thumbnailUrl\":\"https:\\\/\\\/museoditriora.it\\\/wp-content\\\/uploads\\\/2021\\\/09\\\/Bibliotec.jpg\",\"datePublished\":\"2021-09-21T11:37:55+00:00\",\"dateModified\":\"2022-04-08T13:11:13+00:00\",\"description\":\"La biblioth\u00e8que du mus\u00e9e contient des livres, des publications et des textes sur la sorcellerie, la d\u00e9monologie et la magie en g\u00e9n\u00e9ral\",\"breadcrumb\":{\"@id\":\"https:\\\/\\\/museoditriora.it\\\/fr\\\/bibliotheque\\\/#breadcrumb\"},\"inLanguage\":\"fr-FR\",\"potentialAction\":[{\"@type\":\"ReadAction\",\"target\":[\"https:\\\/\\\/museoditriora.it\\\/fr\\\/bibliotheque\\\/\"]}]},{\"@type\":\"ImageObject\",\"inLanguage\":\"fr-FR\",\"@id\":\"https:\\\/\\\/museoditriora.it\\\/fr\\\/bibliotheque\\\/#primaryimage\",\"url\":\"https:\\\/\\\/museoditriora.it\\\/wp-content\\\/uploads\\\/2021\\\/09\\\/Bibliotec.jpg\",\"contentUrl\":\"https:\\\/\\\/museoditriora.it\\\/wp-content\\\/uploads\\\/2021\\\/09\\\/Bibliotec.jpg\",\"width\":900,\"height\":563},{\"@type\":\"BreadcrumbList\",\"@id\":\"https:\\\/\\\/museoditriora.it\\\/fr\\\/bibliotheque\\\/#breadcrumb\",\"itemListElement\":[{\"@type\":\"ListItem\",\"position\":1,\"name\":\"Home\",\"item\":\"https:\\\/\\\/museoditriora.it\\\/fr\\\/\"},{\"@type\":\"ListItem\",\"position\":2,\"name\":\"Centre de documentation\"}]},{\"@type\":\"WebSite\",\"@id\":\"https:\\\/\\\/museoditriora.it\\\/fr\\\/#website\",\"url\":\"https:\\\/\\\/museoditriora.it\\\/fr\\\/\",\"name\":\"Museo di Triora\",\"description\":\"Il Museo Diffuso di Triora\",\"publisher\":{\"@id\":\"https:\\\/\\\/museoditriora.it\\\/fr\\\/#organization\"},\"alternateName\":\"Museo di Triora\",\"potentialAction\":[{\"@type\":\"SearchAction\",\"target\":{\"@type\":\"EntryPoint\",\"urlTemplate\":\"https:\\\/\\\/museoditriora.it\\\/fr\\\/?s={search_term_string}\"},\"query-input\":{\"@type\":\"PropertyValueSpecification\",\"valueRequired\":true,\"valueName\":\"search_term_string\"}}],\"inLanguage\":\"fr-FR\"},{\"@type\":\"Organization\",\"@id\":\"https:\\\/\\\/museoditriora.it\\\/fr\\\/#organization\",\"name\":\"Museo Triora\",\"url\":\"https:\\\/\\\/museoditriora.it\\\/fr\\\/\",\"logo\":{\"@type\":\"ImageObject\",\"inLanguage\":\"fr-FR\",\"@id\":\"https:\\\/\\\/museoditriora.it\\\/fr\\\/#\\\/schema\\\/logo\\\/image\\\/\",\"url\":\"https:\\\/\\\/museoditriora.it\\\/wp-content\\\/uploads\\\/2021\\\/09\\\/Favicon-copia.jpg\",\"contentUrl\":\"https:\\\/\\\/museoditriora.it\\\/wp-content\\\/uploads\\\/2021\\\/09\\\/Favicon-copia.jpg\",\"width\":584,\"height\":584,\"caption\":\"Museo Triora\"},\"image\":{\"@id\":\"https:\\\/\\\/museoditriora.it\\\/fr\\\/#\\\/schema\\\/logo\\\/image\\\/\"},\"sameAs\":[\"https:\\\/\\\/www.facebook.com\\\/museoditriora\",\"https:\\\/\\\/www.instagram.com\\\/museoditriora\\\/\"]}]}<\/script>\n<!-- \/ Yoast SEO plugin. -->","yoast_head_json":{"title":"Centre de documentation &#8226; Museo di Triora","description":"La biblioth\u00e8que du mus\u00e9e contient des livres, des publications et des textes sur la sorcellerie, la d\u00e9monologie et la magie en g\u00e9n\u00e9ral","robots":{"index":"index","follow":"follow","max-snippet":"max-snippet:-1","max-image-preview":"max-image-preview:large","max-video-preview":"max-video-preview:-1"},"canonical":"https:\/\/museoditriora.it\/fr\/bibliotheque\/","og_locale":"fr_FR","og_type":"article","og_title":"Centre de documentation &#8226; Museo di Triora","og_description":"La biblioth\u00e8que du mus\u00e9e contient des livres, des publications et des textes sur la sorcellerie, la d\u00e9monologie et la magie en g\u00e9n\u00e9ral","og_url":"https:\/\/museoditriora.it\/fr\/bibliotheque\/","og_site_name":"Museo di Triora","article_publisher":"https:\/\/www.facebook.com\/museoditriora","article_modified_time":"2022-04-08T13:11:13+00:00","og_image":[{"width":900,"height":563,"url":"https:\/\/museoditriora.it\/wp-content\/uploads\/2021\/09\/Bibliotec.jpg","type":"image\/jpeg"}],"twitter_card":"summary_large_image","twitter_misc":{"Dur\u00e9e de lecture estim\u00e9e":"4 minutes"},"schema":{"@context":"https:\/\/schema.org","@graph":[{"@type":"WebPage","@id":"https:\/\/museoditriora.it\/fr\/bibliotheque\/","url":"https:\/\/museoditriora.it\/fr\/bibliotheque\/","name":"Centre de documentation &#8226; Museo di Triora","isPartOf":{"@id":"https:\/\/museoditriora.it\/fr\/#website"},"primaryImageOfPage":{"@id":"https:\/\/museoditriora.it\/fr\/bibliotheque\/#primaryimage"},"image":{"@id":"https:\/\/museoditriora.it\/fr\/bibliotheque\/#primaryimage"},"thumbnailUrl":"https:\/\/museoditriora.it\/wp-content\/uploads\/2021\/09\/Bibliotec.jpg","datePublished":"2021-09-21T11:37:55+00:00","dateModified":"2022-04-08T13:11:13+00:00","description":"La biblioth\u00e8que du mus\u00e9e contient des livres, des publications et des textes sur la sorcellerie, la d\u00e9monologie et la magie en g\u00e9n\u00e9ral","breadcrumb":{"@id":"https:\/\/museoditriora.it\/fr\/bibliotheque\/#breadcrumb"},"inLanguage":"fr-FR","potentialAction":[{"@type":"ReadAction","target":["https:\/\/museoditriora.it\/fr\/bibliotheque\/"]}]},{"@type":"ImageObject","inLanguage":"fr-FR","@id":"https:\/\/museoditriora.it\/fr\/bibliotheque\/#primaryimage","url":"https:\/\/museoditriora.it\/wp-content\/uploads\/2021\/09\/Bibliotec.jpg","contentUrl":"https:\/\/museoditriora.it\/wp-content\/uploads\/2021\/09\/Bibliotec.jpg","width":900,"height":563},{"@type":"BreadcrumbList","@id":"https:\/\/museoditriora.it\/fr\/bibliotheque\/#breadcrumb","itemListElement":[{"@type":"ListItem","position":1,"name":"Home","item":"https:\/\/museoditriora.it\/fr\/"},{"@type":"ListItem","position":2,"name":"Centre de documentation"}]},{"@type":"WebSite","@id":"https:\/\/museoditriora.it\/fr\/#website","url":"https:\/\/museoditriora.it\/fr\/","name":"Museo di Triora","description":"Il Museo Diffuso di Triora","publisher":{"@id":"https:\/\/museoditriora.it\/fr\/#organization"},"alternateName":"Museo di Triora","potentialAction":[{"@type":"SearchAction","target":{"@type":"EntryPoint","urlTemplate":"https:\/\/museoditriora.it\/fr\/?s={search_term_string}"},"query-input":{"@type":"PropertyValueSpecification","valueRequired":true,"valueName":"search_term_string"}}],"inLanguage":"fr-FR"},{"@type":"Organization","@id":"https:\/\/museoditriora.it\/fr\/#organization","name":"Museo Triora","url":"https:\/\/museoditriora.it\/fr\/","logo":{"@type":"ImageObject","inLanguage":"fr-FR","@id":"https:\/\/museoditriora.it\/fr\/#\/schema\/logo\/image\/","url":"https:\/\/museoditriora.it\/wp-content\/uploads\/2021\/09\/Favicon-copia.jpg","contentUrl":"https:\/\/museoditriora.it\/wp-content\/uploads\/2021\/09\/Favicon-copia.jpg","width":584,"height":584,"caption":"Museo Triora"},"image":{"@id":"https:\/\/museoditriora.it\/fr\/#\/schema\/logo\/image\/"},"sameAs":["https:\/\/www.facebook.com\/museoditriora","https:\/\/www.instagram.com\/museoditriora\/"]}]}},"_links":{"self":[{"href":"https:\/\/museoditriora.it\/fr\/wp-json\/wp\/v2\/pages\/242236","targetHints":{"allow":["GET"]}}],"collection":[{"href":"https:\/\/museoditriora.it\/fr\/wp-json\/wp\/v2\/pages"}],"about":[{"href":"https:\/\/museoditriora.it\/fr\/wp-json\/wp\/v2\/types\/page"}],"author":[{"embeddable":true,"href":"https:\/\/museoditriora.it\/fr\/wp-json\/wp\/v2\/users\/1"}],"replies":[{"embeddable":true,"href":"https:\/\/museoditriora.it\/fr\/wp-json\/wp\/v2\/comments?post=242236"}],"version-history":[{"count":0,"href":"https:\/\/museoditriora.it\/fr\/wp-json\/wp\/v2\/pages\/242236\/revisions"}],"wp:featuredmedia":[{"embeddable":true,"href":"https:\/\/museoditriora.it\/fr\/wp-json\/wp\/v2\/media\/242493"}],"wp:attachment":[{"href":"https:\/\/museoditriora.it\/fr\/wp-json\/wp\/v2\/media?parent=242236"}],"curies":[{"name":"wp","href":"https:\/\/api.w.org\/{rel}","templated":true}]}}