{"id":242066,"date":"2021-09-18T12:49:24","date_gmt":"2021-09-18T10:49:24","guid":{"rendered":"https:\/\/museoditriora.it\/evenements\/"},"modified":"2024-06-28T21:59:42","modified_gmt":"2024-06-28T19:59:42","slug":"evenements","status":"publish","type":"page","link":"https:\/\/museoditriora.it\/fr\/evenements\/","title":{"rendered":"\u00c9v\u00e9nements"},"content":{"rendered":"<p>[et_pb_section fb_built=\u00a0\u00bb1&Prime; _builder_version=\u00a0\u00bb4.16&Prime; _module_preset=\u00a0\u00bbdefault\u00a0\u00bb background_color=\u00a0\u00bb#FFFFFF\u00a0\u00bb custom_padding=\u00a0\u00bb0vw||0px||false|false\u00a0\u00bb locked=\u00a0\u00bboff\u00a0\u00bb global_colors_info=\u00a0\u00bb{}\u00a0\u00bb][et_pb_row _builder_version=\u00a0\u00bb4.16&Prime; _module_preset=\u00a0\u00bbdefault\u00a0\u00bb custom_padding=\u00a0\u00bb9px||9px||true|false\u00a0\u00bb global_colors_info=\u00a0\u00bb{}\u00a0\u00bb][et_pb_column type=\u00a0\u00bb4_4&Prime; _builder_version=\u00a0\u00bb4.16&Prime; _module_preset=\u00a0\u00bbdefault\u00a0\u00bb global_colors_info=\u00a0\u00bb{}\u00a0\u00bb][lwp_divi_breadcrumbs home_text=\u00a0\u00bbMuseo di Triora\u00a0\u00bb font_icon=\u00a0\u00bb&#x35;||divi||400&Prime; use_before_icon=\u00a0\u00bboff\u00a0\u00bb link_color=\u00a0\u00bbgcid-7cf36a45-1e18-4b55-aa69-ff60232bfc6e\u00a0\u00bb _builder_version=\u00a0\u00bb4.16&Prime; _module_preset=\u00a0\u00bbdefault\u00a0\u00bb module_text_color=\u00a0\u00bbgcid-773a4f86-3675-47d8-8ee3-17ce2df88ee2&Prime; module_font_size=\u00a0\u00bb15px\u00a0\u00bb custom_margin=\u00a0\u00bb||0px||false|false\u00a0\u00bb custom_padding=\u00a0\u00bb||0px||false|false\u00a0\u00bb module_font_size_tablet=\u00a0\u00bb2vw\u00a0\u00bb module_font_size_phone=\u00a0\u00bb3vw\u00a0\u00bb module_font_size_last_edited=\u00a0\u00bbon|phone\u00a0\u00bb global_colors_info=\u00a0\u00bb{%22gcid-773a4f86-3675-47d8-8ee3-17ce2df88ee2%22:%91%22module_text_color%22,%22module_text_color%22%93,%22gcid-7cf36a45-1e18-4b55-aa69-ff60232bfc6e%22:%91%22link_color%22,%22link_color%22%93}\u00a0\u00bb][\/lwp_divi_breadcrumbs][\/et_pb_column][\/et_pb_row][\/et_pb_section][et_pb_section fb_built=\u00a0\u00bb1&Prime; _builder_version=\u00a0\u00bb4.16&Prime; custom_padding=\u00a0\u00bb||5vw||false|false\u00a0\u00bb global_colors_info=\u00a0\u00bb{}\u00a0\u00bb][et_pb_row _builder_version=\u00a0\u00bb4.25.2&Prime; _module_preset=\u00a0\u00bbdefault\u00a0\u00bb hover_enabled=\u00a0\u00bb0&Prime; global_colors_info=\u00a0\u00bb{}\u00a0\u00bb sticky_enabled=\u00a0\u00bb0&Prime;][et_pb_column type=\u00a0\u00bb4_4&Prime; _builder_version=\u00a0\u00bb4.16&Prime; _module_preset=\u00a0\u00bbdefault\u00a0\u00bb global_colors_info=\u00a0\u00bb{}\u00a0\u00bb][et_pb_text _builder_version=\u00a0\u00bb4.21.0&Prime; _module_preset=\u00a0\u00bbdefault\u00a0\u00bb header_text_align=\u00a0\u00bbcenter\u00a0\u00bb header_font_size=\u00a0\u00bb2vw\u00a0\u00bb text_orientation=\u00a0\u00bbcenter\u00a0\u00bb text_font_size_tablet=\u00a0\u00bb2.6vw\u00a0\u00bb text_font_size_phone=\u00a0\u00bb3.5vw\u00a0\u00bb text_font_size_last_edited=\u00a0\u00bbon|phone\u00a0\u00bb text_line_height_tablet=\u00a0\u00bb\u00a0\u00bb text_line_height_phone=\u00a0\u00bb1.3em\u00a0\u00bb text_line_height_last_edited=\u00a0\u00bbon|phone\u00a0\u00bb header_font_size_tablet=\u00a0\u00bb5vw\u00a0\u00bb header_font_size_phone=\u00a0\u00bb\u00a0\u00bb header_font_size_last_edited=\u00a0\u00bbon|phone\u00a0\u00bb global_colors_info=\u00a0\u00bb{}\u00a0\u00bb]<\/p>\n<h1>Tous les \u00e9v\u00e9nements de Triora<\/h1>\n<p>[\/et_pb_text][eventin_events etn_event_style=\u00a0\u00bbevent-1&Prime; etn_event_count=\u00a0\u00bb150&Prime; etn_desc_limit=\u00a0\u00bb50&Prime; etn_event_col=\u00a0\u00bb3&Prime; filter_with_status=\u00a0\u00bbupcoming\u00a0\u00bb orderby=\u00a0\u00bbetn_start_date\u00a0\u00bb order=\u00a0\u00bbASC\u00a0\u00bb _builder_version=\u00a0\u00bb4.25.2&Prime; _module_preset=\u00a0\u00bbdefault\u00a0\u00bb hover_enabled=\u00a0\u00bb0&Prime; global_colors_info=\u00a0\u00bb{}\u00a0\u00bb sticky_enabled=\u00a0\u00bb0&Prime;][\/eventin_events][\/et_pb_column][\/et_pb_row][\/et_pb_section]<\/p>\n","protected":false},"excerpt":{"rendered":"<p><div class=\"et_pb_module lwp_divi_breadcrumbs lwp_divi_breadcrumbs_0\">\n\t\t\t\t\n\t\t\t\t\n\t\t\t\t\n\t\t\t\t\n\t\t\t\t\n\t\t\t\t\n\t\t\t\t<div class=\"et_pb_module_inner\">\n\t\t\t\t\t<div class=\"lwp-breadcrumbs\"> <span class=\"before\"><\/span> <span vocab=\"https:\/\/schema.org\/\" typeof=\"BreadcrumbList\"><span property=\"itemListElement\" typeof=\"ListItem\"><a property=\"item\" typeof=\"WebPage\" href=\"https:\/\/museoditriora.it\/fr\/\" class=\"home\"><span property=\"name\">Museo di Triora<\/span><\/a><meta property=\"position\" content=\"1\"><\/span> <span class=\"separator et-pb-icon\">5<\/span> <\/span><\/div>\n\t\t\t\t<\/div>\n\t\t\t<\/div>Tous les \u00e9v\u00e9nements de Triora[eventin_events etn_event_style=\u00a0\u00bbevent-1&Prime; etn_event_count=\u00a0\u00bb150&Prime; etn_desc_limit=\u00a0\u00bb50&Prime; etn_event_col=\u00a0\u00bb3&Prime; filter_with_status=\u00a0\u00bbupcoming\u00a0\u00bb orderby=\u00a0\u00bbetn_start_date\u00a0\u00bb order=\u00a0\u00bbASC\u00a0\u00bb _builder_version=\u00a0\u00bb4.25.2&Prime; _module_preset=\u00a0\u00bbdefault\u00a0\u00bb hover_enabled=\u00a0\u00bb0&Prime; global_colors_info=\u00a0\u00bb{}\u00a0\u00bb sticky_enabled=\u00a0\u00bb0&Prime;][\/eventin_events]<\/p>\n","protected":false},"author":1,"featured_media":242532,"parent":0,"menu_order":0,"comment_status":"closed","ping_status":"open","template":"","meta":{"_et_pb_use_builder":"on","_et_pb_old_content":"","_et_gb_content_width":"","footnotes":""},"class_list":["post-242066","page","type-page","status-publish","has-post-thumbnail","hentry"],"yoast_head":"<!-- This site is optimized with the Yoast SEO plugin v27.4 - https:\/\/yoast.com\/product\/yoast-seo-wordpress\/ -->\n<title>\u00c9v\u00e9nements &#8226; Museo di Triora<\/title>\n<meta name=\"description\" content=\"Les \u00e9v\u00e9nements programm\u00e9s au Mus\u00e9e Triora : rendez-vous, r\u00e9unions, conventions, occasions sp\u00e9ciales... rester \u00e0 jour\" \/>\n<meta name=\"robots\" content=\"index, follow, max-snippet:-1, max-image-preview:large, max-video-preview:-1\" \/>\n<link rel=\"canonical\" href=\"https:\/\/museoditriora.it\/fr\/evenements\/\" \/>\n<meta property=\"og:locale\" content=\"fr_FR\" \/>\n<meta property=\"og:type\" content=\"article\" \/>\n<meta property=\"og:title\" content=\"\u00c9v\u00e9nements &#8226; Museo di Triora\" \/>\n<meta property=\"og:description\" content=\"Les \u00e9v\u00e9nements programm\u00e9s au Mus\u00e9e Triora : rendez-vous, r\u00e9unions, conventions, occasions sp\u00e9ciales... rester \u00e0 jour\" \/>\n<meta property=\"og:url\" content=\"https:\/\/museoditriora.it\/fr\/evenements\/\" \/>\n<meta property=\"og:site_name\" content=\"Museo di Triora\" \/>\n<meta property=\"article:publisher\" content=\"https:\/\/www.facebook.com\/museoditriora\" \/>\n<meta property=\"article:modified_time\" content=\"2024-06-28T19:59:42+00:00\" \/>\n<meta property=\"og:image\" content=\"https:\/\/museoditriora.it\/wp-content\/uploads\/2021\/09\/Favicon-copia.jpg\" \/>\n\t<meta property=\"og:image:width\" content=\"584\" \/>\n\t<meta property=\"og:image:height\" content=\"584\" \/>\n\t<meta property=\"og:image:type\" content=\"image\/jpeg\" \/>\n<meta name=\"twitter:card\" content=\"summary_large_image\" \/>\n<meta name=\"twitter:label1\" content=\"Dur\u00e9e de lecture estim\u00e9e\" \/>\n\t<meta name=\"twitter:data1\" content=\"2 minutes\" \/>\n<script type=\"application\/ld+json\" class=\"yoast-schema-graph\">{\"@context\":\"https:\\\/\\\/schema.org\",\"@graph\":[{\"@type\":\"WebPage\",\"@id\":\"https:\\\/\\\/museoditriora.it\\\/fr\\\/evenements\\\/\",\"url\":\"https:\\\/\\\/museoditriora.it\\\/fr\\\/evenements\\\/\",\"name\":\"\u00c9v\u00e9nements &#8226; Museo di Triora\",\"isPartOf\":{\"@id\":\"https:\\\/\\\/museoditriora.it\\\/fr\\\/#website\"},\"primaryImageOfPage\":{\"@id\":\"https:\\\/\\\/museoditriora.it\\\/fr\\\/evenements\\\/#primaryimage\"},\"image\":{\"@id\":\"https:\\\/\\\/museoditriora.it\\\/fr\\\/evenements\\\/#primaryimage\"},\"thumbnailUrl\":\"https:\\\/\\\/museoditriora.it\\\/wp-content\\\/uploads\\\/2021\\\/09\\\/Favicon-copia.jpg\",\"datePublished\":\"2021-09-18T10:49:24+00:00\",\"dateModified\":\"2024-06-28T19:59:42+00:00\",\"description\":\"Les \u00e9v\u00e9nements programm\u00e9s au Mus\u00e9e Triora : rendez-vous, r\u00e9unions, conventions, occasions sp\u00e9ciales... rester \u00e0 jour\",\"breadcrumb\":{\"@id\":\"https:\\\/\\\/museoditriora.it\\\/fr\\\/evenements\\\/#breadcrumb\"},\"inLanguage\":\"fr-FR\",\"potentialAction\":[{\"@type\":\"ReadAction\",\"target\":[\"https:\\\/\\\/museoditriora.it\\\/fr\\\/evenements\\\/\"]}]},{\"@type\":\"ImageObject\",\"inLanguage\":\"fr-FR\",\"@id\":\"https:\\\/\\\/museoditriora.it\\\/fr\\\/evenements\\\/#primaryimage\",\"url\":\"https:\\\/\\\/museoditriora.it\\\/wp-content\\\/uploads\\\/2021\\\/09\\\/Favicon-copia.jpg\",\"contentUrl\":\"https:\\\/\\\/museoditriora.it\\\/wp-content\\\/uploads\\\/2021\\\/09\\\/Favicon-copia.jpg\",\"width\":584,\"height\":584},{\"@type\":\"BreadcrumbList\",\"@id\":\"https:\\\/\\\/museoditriora.it\\\/fr\\\/evenements\\\/#breadcrumb\",\"itemListElement\":[{\"@type\":\"ListItem\",\"position\":1,\"name\":\"Home\",\"item\":\"https:\\\/\\\/museoditriora.it\\\/fr\\\/\"},{\"@type\":\"ListItem\",\"position\":2,\"name\":\"\u00c9v\u00e9nements\"}]},{\"@type\":\"WebSite\",\"@id\":\"https:\\\/\\\/museoditriora.it\\\/fr\\\/#website\",\"url\":\"https:\\\/\\\/museoditriora.it\\\/fr\\\/\",\"name\":\"Museo di Triora\",\"description\":\"Il Museo Diffuso di Triora\",\"publisher\":{\"@id\":\"https:\\\/\\\/museoditriora.it\\\/fr\\\/#organization\"},\"alternateName\":\"Museo di Triora\",\"potentialAction\":[{\"@type\":\"SearchAction\",\"target\":{\"@type\":\"EntryPoint\",\"urlTemplate\":\"https:\\\/\\\/museoditriora.it\\\/fr\\\/?s={search_term_string}\"},\"query-input\":{\"@type\":\"PropertyValueSpecification\",\"valueRequired\":true,\"valueName\":\"search_term_string\"}}],\"inLanguage\":\"fr-FR\"},{\"@type\":\"Organization\",\"@id\":\"https:\\\/\\\/museoditriora.it\\\/fr\\\/#organization\",\"name\":\"Museo Triora\",\"url\":\"https:\\\/\\\/museoditriora.it\\\/fr\\\/\",\"logo\":{\"@type\":\"ImageObject\",\"inLanguage\":\"fr-FR\",\"@id\":\"https:\\\/\\\/museoditriora.it\\\/fr\\\/#\\\/schema\\\/logo\\\/image\\\/\",\"url\":\"https:\\\/\\\/museoditriora.it\\\/wp-content\\\/uploads\\\/2021\\\/09\\\/Favicon-copia.jpg\",\"contentUrl\":\"https:\\\/\\\/museoditriora.it\\\/wp-content\\\/uploads\\\/2021\\\/09\\\/Favicon-copia.jpg\",\"width\":584,\"height\":584,\"caption\":\"Museo Triora\"},\"image\":{\"@id\":\"https:\\\/\\\/museoditriora.it\\\/fr\\\/#\\\/schema\\\/logo\\\/image\\\/\"},\"sameAs\":[\"https:\\\/\\\/www.facebook.com\\\/museoditriora\",\"https:\\\/\\\/www.instagram.com\\\/museoditriora\\\/\"]}]}<\/script>\n<!-- \/ Yoast SEO plugin. -->","yoast_head_json":{"title":"\u00c9v\u00e9nements &#8226; Museo di Triora","description":"Les \u00e9v\u00e9nements programm\u00e9s au Mus\u00e9e Triora : rendez-vous, r\u00e9unions, conventions, occasions sp\u00e9ciales... rester \u00e0 jour","robots":{"index":"index","follow":"follow","max-snippet":"max-snippet:-1","max-image-preview":"max-image-preview:large","max-video-preview":"max-video-preview:-1"},"canonical":"https:\/\/museoditriora.it\/fr\/evenements\/","og_locale":"fr_FR","og_type":"article","og_title":"\u00c9v\u00e9nements &#8226; Museo di Triora","og_description":"Les \u00e9v\u00e9nements programm\u00e9s au Mus\u00e9e Triora : rendez-vous, r\u00e9unions, conventions, occasions sp\u00e9ciales... rester \u00e0 jour","og_url":"https:\/\/museoditriora.it\/fr\/evenements\/","og_site_name":"Museo di Triora","article_publisher":"https:\/\/www.facebook.com\/museoditriora","article_modified_time":"2024-06-28T19:59:42+00:00","og_image":[{"width":584,"height":584,"url":"https:\/\/museoditriora.it\/wp-content\/uploads\/2021\/09\/Favicon-copia.jpg","type":"image\/jpeg"}],"twitter_card":"summary_large_image","twitter_misc":{"Dur\u00e9e de lecture estim\u00e9e":"2 minutes"},"schema":{"@context":"https:\/\/schema.org","@graph":[{"@type":"WebPage","@id":"https:\/\/museoditriora.it\/fr\/evenements\/","url":"https:\/\/museoditriora.it\/fr\/evenements\/","name":"\u00c9v\u00e9nements &#8226; Museo di Triora","isPartOf":{"@id":"https:\/\/museoditriora.it\/fr\/#website"},"primaryImageOfPage":{"@id":"https:\/\/museoditriora.it\/fr\/evenements\/#primaryimage"},"image":{"@id":"https:\/\/museoditriora.it\/fr\/evenements\/#primaryimage"},"thumbnailUrl":"https:\/\/museoditriora.it\/wp-content\/uploads\/2021\/09\/Favicon-copia.jpg","datePublished":"2021-09-18T10:49:24+00:00","dateModified":"2024-06-28T19:59:42+00:00","description":"Les \u00e9v\u00e9nements programm\u00e9s au Mus\u00e9e Triora : rendez-vous, r\u00e9unions, conventions, occasions sp\u00e9ciales... rester \u00e0 jour","breadcrumb":{"@id":"https:\/\/museoditriora.it\/fr\/evenements\/#breadcrumb"},"inLanguage":"fr-FR","potentialAction":[{"@type":"ReadAction","target":["https:\/\/museoditriora.it\/fr\/evenements\/"]}]},{"@type":"ImageObject","inLanguage":"fr-FR","@id":"https:\/\/museoditriora.it\/fr\/evenements\/#primaryimage","url":"https:\/\/museoditriora.it\/wp-content\/uploads\/2021\/09\/Favicon-copia.jpg","contentUrl":"https:\/\/museoditriora.it\/wp-content\/uploads\/2021\/09\/Favicon-copia.jpg","width":584,"height":584},{"@type":"BreadcrumbList","@id":"https:\/\/museoditriora.it\/fr\/evenements\/#breadcrumb","itemListElement":[{"@type":"ListItem","position":1,"name":"Home","item":"https:\/\/museoditriora.it\/fr\/"},{"@type":"ListItem","position":2,"name":"\u00c9v\u00e9nements"}]},{"@type":"WebSite","@id":"https:\/\/museoditriora.it\/fr\/#website","url":"https:\/\/museoditriora.it\/fr\/","name":"Museo di Triora","description":"Il Museo Diffuso di Triora","publisher":{"@id":"https:\/\/museoditriora.it\/fr\/#organization"},"alternateName":"Museo di Triora","potentialAction":[{"@type":"SearchAction","target":{"@type":"EntryPoint","urlTemplate":"https:\/\/museoditriora.it\/fr\/?s={search_term_string}"},"query-input":{"@type":"PropertyValueSpecification","valueRequired":true,"valueName":"search_term_string"}}],"inLanguage":"fr-FR"},{"@type":"Organization","@id":"https:\/\/museoditriora.it\/fr\/#organization","name":"Museo Triora","url":"https:\/\/museoditriora.it\/fr\/","logo":{"@type":"ImageObject","inLanguage":"fr-FR","@id":"https:\/\/museoditriora.it\/fr\/#\/schema\/logo\/image\/","url":"https:\/\/museoditriora.it\/wp-content\/uploads\/2021\/09\/Favicon-copia.jpg","contentUrl":"https:\/\/museoditriora.it\/wp-content\/uploads\/2021\/09\/Favicon-copia.jpg","width":584,"height":584,"caption":"Museo Triora"},"image":{"@id":"https:\/\/museoditriora.it\/fr\/#\/schema\/logo\/image\/"},"sameAs":["https:\/\/www.facebook.com\/museoditriora","https:\/\/www.instagram.com\/museoditriora\/"]}]}},"_links":{"self":[{"href":"https:\/\/museoditriora.it\/fr\/wp-json\/wp\/v2\/pages\/242066","targetHints":{"allow":["GET"]}}],"collection":[{"href":"https:\/\/museoditriora.it\/fr\/wp-json\/wp\/v2\/pages"}],"about":[{"href":"https:\/\/museoditriora.it\/fr\/wp-json\/wp\/v2\/types\/page"}],"author":[{"embeddable":true,"href":"https:\/\/museoditriora.it\/fr\/wp-json\/wp\/v2\/users\/1"}],"replies":[{"embeddable":true,"href":"https:\/\/museoditriora.it\/fr\/wp-json\/wp\/v2\/comments?post=242066"}],"version-history":[{"count":8,"href":"https:\/\/museoditriora.it\/fr\/wp-json\/wp\/v2\/pages\/242066\/revisions"}],"predecessor-version":[{"id":247249,"href":"https:\/\/museoditriora.it\/fr\/wp-json\/wp\/v2\/pages\/242066\/revisions\/247249"}],"wp:featuredmedia":[{"embeddable":true,"href":"https:\/\/museoditriora.it\/fr\/wp-json\/wp\/v2\/media\/242532"}],"wp:attachment":[{"href":"https:\/\/museoditriora.it\/fr\/wp-json\/wp\/v2\/media?parent=242066"}],"curies":[{"name":"wp","href":"https:\/\/api.w.org\/{rel}","templated":true}]}}