{"id":242056,"date":"2021-09-18T12:44:45","date_gmt":"2021-09-18T10:44:45","guid":{"rendered":"https:\/\/museoditriora.it\/nouvelles\/"},"modified":"2022-07-22T13:01:19","modified_gmt":"2022-07-22T11:01:19","slug":"nouvelles","status":"publish","type":"page","link":"https:\/\/museoditriora.it\/fr\/nouvelles\/","title":{"rendered":"Blog"},"content":{"rendered":"<p>[et_pb_section fb_built=\u00a0\u00bb1&Prime; module_id=\u00a0\u00bbnouvelles\u00a0\u00bb _builder_version=\u00a0\u00bb4.16&Prime; _module_preset=\u00a0\u00bbdefault\u00a0\u00bb background_color=\u00a0\u00bb#FFFFFF\u00a0\u00bb custom_padding=\u00a0\u00bb0vw||0px||false|false\u00a0\u00bb locked=\u00a0\u00bboff\u00a0\u00bb global_colors_info=\u00a0\u00bb{}\u00a0\u00bb][et_pb_row _builder_version=\u00a0\u00bb4.16&Prime; _module_preset=\u00a0\u00bbdefault\u00a0\u00bb custom_padding=\u00a0\u00bb9px||9px||true|false\u00a0\u00bb global_colors_info=\u00a0\u00bb{}\u00a0\u00bb][et_pb_column type=\u00a0\u00bb4_4&Prime; _builder_version=\u00a0\u00bb4.16&Prime; _module_preset=\u00a0\u00bbdefault\u00a0\u00bb global_colors_info=\u00a0\u00bb{}\u00a0\u00bb][lwp_divi_breadcrumbs home_text=\u00a0\u00bbMuseo di Triora\u00a0\u00bb font_icon=\u00a0\u00bb%%20%%\u00a0\u00bb use_before_icon=\u00a0\u00bboff\u00a0\u00bb link_color=\u00a0\u00bbgcid-7cf36a45-1e18-4b55-aa69-ff60232bfc6e\u00a0\u00bb _builder_version=\u00a0\u00bb4.16&Prime; _module_preset=\u00a0\u00bbdefault\u00a0\u00bb module_text_color=\u00a0\u00bbgcid-773a4f86-3675-47d8-8ee3-17ce2df88ee2&Prime; module_font_size=\u00a0\u00bb15px\u00a0\u00bb custom_margin=\u00a0\u00bb||0px||false|false\u00a0\u00bb custom_padding=\u00a0\u00bb||0px||false|false\u00a0\u00bb module_font_size_tablet=\u00a0\u00bb2vw\u00a0\u00bb module_font_size_phone=\u00a0\u00bb3vw\u00a0\u00bb module_font_size_last_edited=\u00a0\u00bbon|phone\u00a0\u00bb global_colors_info=\u00a0\u00bb{%22gcid-773a4f86-3675-47d8-8ee3-17ce2df88ee2%22:%91%22module_text_color%22,%22module_text_color%22%93,%22gcid-7cf36a45-1e18-4b55-aa69-ff60232bfc6e%22:%91%22link_color%22,%22link_color%22%93}\u00a0\u00bb][\/lwp_divi_breadcrumbs][\/et_pb_column][\/et_pb_row][\/et_pb_section][et_pb_section fb_built=\u00a0\u00bb1&Prime; _builder_version=\u00a0\u00bb4.16&Prime; custom_padding=\u00a0\u00bb||5vw||false|false\u00a0\u00bb global_colors_info=\u00a0\u00bb{}\u00a0\u00bb][et_pb_row _builder_version=\u00a0\u00bb4.16&Prime; _module_preset=\u00a0\u00bbdefault\u00a0\u00bb global_colors_info=\u00a0\u00bb{}\u00a0\u00bb][et_pb_column type=\u00a0\u00bb4_4&Prime; _builder_version=\u00a0\u00bb4.16&Prime; _module_preset=\u00a0\u00bbdefault\u00a0\u00bb global_colors_info=\u00a0\u00bb{}\u00a0\u00bb][et_pb_text _builder_version=\u00a0\u00bb4.17.4&Prime; _module_preset=\u00a0\u00bbdefault\u00a0\u00bb header_text_align=\u00a0\u00bbcenter\u00a0\u00bb header_font_size=\u00a0\u00bb2vw\u00a0\u00bb text_orientation=\u00a0\u00bbcenter\u00a0\u00bb hover_enabled=\u00a0\u00bb0&Prime; text_font_size_tablet=\u00a0\u00bb2.6vw\u00a0\u00bb text_font_size_phone=\u00a0\u00bb3.5vw\u00a0\u00bb text_font_size_last_edited=\u00a0\u00bbon|phone\u00a0\u00bb text_line_height_tablet=\u00a0\u00bb\u00a0\u00bb text_line_height_phone=\u00a0\u00bb1.3em\u00a0\u00bb text_line_height_last_edited=\u00a0\u00bbon|phone\u00a0\u00bb header_font_size_tablet=\u00a0\u00bb5vw\u00a0\u00bb header_font_size_phone=\u00a0\u00bb\u00a0\u00bb header_font_size_last_edited=\u00a0\u00bbon|phone\u00a0\u00bb global_colors_info=\u00a0\u00bb{}\u00a0\u00bb sticky_enabled=\u00a0\u00bb0&Prime;]<\/p>\n<h1>Blog<\/h1>\n<p>Tenez-vous au courant des nouveaux articles, des nouvelles perspectives et des nouvelles pistes de r\u00e9flexion.[\/et_pb_text][et_pb_button button_text=\u00a0\u00bbabonnez-vous \u00e0 la newsletter\u00a0\u00bb button_alignment=\u00a0\u00bbcenter\u00a0\u00bb _builder_version=\u00a0\u00bb4.16&Prime; _module_preset=\u00a0\u00bbdefault\u00a0\u00bb custom_button=\u00a0\u00bbon\u00a0\u00bb button_text_size=\u00a0\u00bb18px\u00a0\u00bb button_icon_color=\u00a0\u00bb#FFFFFF\u00a0\u00bb button_on_hover=\u00a0\u00bboff\u00a0\u00bb global_colors_info=\u00a0\u00bb{}\u00a0\u00bb][\/et_pb_button][\/et_pb_column][\/et_pb_row][et_pb_row admin_label=\u00a0\u00bbContact\u00a0\u00bb _builder_version=\u00a0\u00bb4.16&Prime; custom_margin=\u00a0\u00bb3vw||||false|false\u00a0\u00bb global_colors_info=\u00a0\u00bb{}\u00a0\u00bb][et_pb_column type=\u00a0\u00bb4_4&Prime; _builder_version=\u00a0\u00bb4.16&Prime; custom_padding=\u00a0\u00bb|||\u00a0\u00bb global_colors_info=\u00a0\u00bb{}\u00a0\u00bb custom_padding__hover=\u00a0\u00bb|||\u00a0\u00bb][et_pb_blog fullwidth=\u00a0\u00bboff\u00a0\u00bb _builder_version=\u00a0\u00bb4.16&Prime; _module_preset=\u00a0\u00bbdefault\u00a0\u00bb global_colors_info=\u00a0\u00bb{}\u00a0\u00bb][\/et_pb_blog][\/et_pb_column][\/et_pb_row][\/et_pb_section]<\/p>\n","protected":false},"excerpt":{"rendered":"<p><div class=\"et_pb_module lwp_divi_breadcrumbs lwp_divi_breadcrumbs_0\">\n\t\t\t\t\n\t\t\t\t\n\t\t\t\t\n\t\t\t\t\n\t\t\t\t\n\t\t\t\t\n\t\t\t\t<div class=\"et_pb_module_inner\">\n\t\t\t\t\t<div class=\"lwp-breadcrumbs\"> <span class=\"before\"><\/span> <span vocab=\"https:\/\/schema.org\/\" typeof=\"BreadcrumbList\"><span property=\"itemListElement\" typeof=\"ListItem\"><a property=\"item\" typeof=\"WebPage\" href=\"https:\/\/museoditriora.it\/fr\/\" class=\"home\"><span property=\"name\">Museo di Triora<\/span><\/a><meta property=\"position\" content=\"1\"><\/span> <span class=\"separator et-pb-icon\">5<\/span> <\/span><\/div>\n\t\t\t\t<\/div>\n\t\t\t<\/div>Blog Tenez-vous au courant des nouveaux articles, des nouvelles perspectives et des nouvelles pistes de r\u00e9flexion.<\/p>\n","protected":false},"author":1,"featured_media":242532,"parent":0,"menu_order":0,"comment_status":"closed","ping_status":"open","template":"","meta":{"_et_pb_use_builder":"on","_et_pb_old_content":"","_et_gb_content_width":"","footnotes":""},"class_list":["post-242056","page","type-page","status-publish","has-post-thumbnail","hentry"],"yoast_head":"<!-- This site is optimized with the Yoast SEO plugin v27.4 - https:\/\/yoast.com\/product\/yoast-seo-wordpress\/ -->\n<title>Blog &#8226; Museo di Triora<\/title>\n<meta name=\"description\" content=\"Nouvelles, mises \u00e0 jour, aper\u00e7us : ce qu&#039;il faut pour rester au courant de qui gravite autour du Mus\u00e9e Triora\" \/>\n<meta name=\"robots\" content=\"index, follow, max-snippet:-1, max-image-preview:large, max-video-preview:-1\" \/>\n<link rel=\"canonical\" href=\"https:\/\/museoditriora.it\/fr\/nouvelles\/\" \/>\n<meta property=\"og:locale\" content=\"fr_FR\" \/>\n<meta property=\"og:type\" content=\"article\" \/>\n<meta property=\"og:title\" content=\"Blog &#8226; Museo di Triora\" \/>\n<meta property=\"og:description\" content=\"Nouvelles, mises \u00e0 jour, aper\u00e7us : ce qu&#039;il faut pour rester au courant de qui gravite autour du Mus\u00e9e Triora\" \/>\n<meta property=\"og:url\" content=\"https:\/\/museoditriora.it\/fr\/nouvelles\/\" \/>\n<meta property=\"og:site_name\" content=\"Museo di Triora\" \/>\n<meta property=\"article:publisher\" content=\"https:\/\/www.facebook.com\/museoditriora\" \/>\n<meta property=\"article:modified_time\" content=\"2022-07-22T11:01:19+00:00\" \/>\n<meta property=\"og:image\" content=\"https:\/\/museoditriora.it\/wp-content\/uploads\/2021\/09\/Favicon-copia.jpg\" \/>\n\t<meta property=\"og:image:width\" content=\"584\" \/>\n\t<meta property=\"og:image:height\" content=\"584\" \/>\n\t<meta property=\"og:image:type\" content=\"image\/jpeg\" \/>\n<meta name=\"twitter:card\" content=\"summary_large_image\" \/>\n<meta name=\"twitter:label1\" content=\"Dur\u00e9e de lecture estim\u00e9e\" \/>\n\t<meta name=\"twitter:data1\" content=\"2 minutes\" \/>\n<script type=\"application\/ld+json\" class=\"yoast-schema-graph\">{\"@context\":\"https:\\\/\\\/schema.org\",\"@graph\":[{\"@type\":\"WebPage\",\"@id\":\"https:\\\/\\\/museoditriora.it\\\/fr\\\/nouvelles\\\/\",\"url\":\"https:\\\/\\\/museoditriora.it\\\/fr\\\/nouvelles\\\/\",\"name\":\"Blog &#8226; Museo di Triora\",\"isPartOf\":{\"@id\":\"https:\\\/\\\/museoditriora.it\\\/fr\\\/#website\"},\"primaryImageOfPage\":{\"@id\":\"https:\\\/\\\/museoditriora.it\\\/fr\\\/nouvelles\\\/#primaryimage\"},\"image\":{\"@id\":\"https:\\\/\\\/museoditriora.it\\\/fr\\\/nouvelles\\\/#primaryimage\"},\"thumbnailUrl\":\"https:\\\/\\\/museoditriora.it\\\/wp-content\\\/uploads\\\/2021\\\/09\\\/Favicon-copia.jpg\",\"datePublished\":\"2021-09-18T10:44:45+00:00\",\"dateModified\":\"2022-07-22T11:01:19+00:00\",\"description\":\"Nouvelles, mises \u00e0 jour, aper\u00e7us : ce qu'il faut pour rester au courant de qui gravite autour du Mus\u00e9e Triora\",\"breadcrumb\":{\"@id\":\"https:\\\/\\\/museoditriora.it\\\/fr\\\/nouvelles\\\/#breadcrumb\"},\"inLanguage\":\"fr-FR\",\"potentialAction\":[{\"@type\":\"ReadAction\",\"target\":[\"https:\\\/\\\/museoditriora.it\\\/fr\\\/nouvelles\\\/\"]}]},{\"@type\":\"ImageObject\",\"inLanguage\":\"fr-FR\",\"@id\":\"https:\\\/\\\/museoditriora.it\\\/fr\\\/nouvelles\\\/#primaryimage\",\"url\":\"https:\\\/\\\/museoditriora.it\\\/wp-content\\\/uploads\\\/2021\\\/09\\\/Favicon-copia.jpg\",\"contentUrl\":\"https:\\\/\\\/museoditriora.it\\\/wp-content\\\/uploads\\\/2021\\\/09\\\/Favicon-copia.jpg\",\"width\":584,\"height\":584},{\"@type\":\"BreadcrumbList\",\"@id\":\"https:\\\/\\\/museoditriora.it\\\/fr\\\/nouvelles\\\/#breadcrumb\",\"itemListElement\":[{\"@type\":\"ListItem\",\"position\":1,\"name\":\"Home\",\"item\":\"https:\\\/\\\/museoditriora.it\\\/fr\\\/\"},{\"@type\":\"ListItem\",\"position\":2,\"name\":\"Blog\"}]},{\"@type\":\"WebSite\",\"@id\":\"https:\\\/\\\/museoditriora.it\\\/fr\\\/#website\",\"url\":\"https:\\\/\\\/museoditriora.it\\\/fr\\\/\",\"name\":\"Museo di Triora\",\"description\":\"Il Museo Diffuso di Triora\",\"publisher\":{\"@id\":\"https:\\\/\\\/museoditriora.it\\\/fr\\\/#organization\"},\"alternateName\":\"Museo di Triora\",\"potentialAction\":[{\"@type\":\"SearchAction\",\"target\":{\"@type\":\"EntryPoint\",\"urlTemplate\":\"https:\\\/\\\/museoditriora.it\\\/fr\\\/?s={search_term_string}\"},\"query-input\":{\"@type\":\"PropertyValueSpecification\",\"valueRequired\":true,\"valueName\":\"search_term_string\"}}],\"inLanguage\":\"fr-FR\"},{\"@type\":\"Organization\",\"@id\":\"https:\\\/\\\/museoditriora.it\\\/fr\\\/#organization\",\"name\":\"Museo Triora\",\"url\":\"https:\\\/\\\/museoditriora.it\\\/fr\\\/\",\"logo\":{\"@type\":\"ImageObject\",\"inLanguage\":\"fr-FR\",\"@id\":\"https:\\\/\\\/museoditriora.it\\\/fr\\\/#\\\/schema\\\/logo\\\/image\\\/\",\"url\":\"https:\\\/\\\/museoditriora.it\\\/wp-content\\\/uploads\\\/2021\\\/09\\\/Favicon-copia.jpg\",\"contentUrl\":\"https:\\\/\\\/museoditriora.it\\\/wp-content\\\/uploads\\\/2021\\\/09\\\/Favicon-copia.jpg\",\"width\":584,\"height\":584,\"caption\":\"Museo Triora\"},\"image\":{\"@id\":\"https:\\\/\\\/museoditriora.it\\\/fr\\\/#\\\/schema\\\/logo\\\/image\\\/\"},\"sameAs\":[\"https:\\\/\\\/www.facebook.com\\\/museoditriora\",\"https:\\\/\\\/www.instagram.com\\\/museoditriora\\\/\"]}]}<\/script>\n<!-- \/ Yoast SEO plugin. -->","yoast_head_json":{"title":"Blog &#8226; Museo di Triora","description":"Nouvelles, mises \u00e0 jour, aper\u00e7us : ce qu'il faut pour rester au courant de qui gravite autour du Mus\u00e9e Triora","robots":{"index":"index","follow":"follow","max-snippet":"max-snippet:-1","max-image-preview":"max-image-preview:large","max-video-preview":"max-video-preview:-1"},"canonical":"https:\/\/museoditriora.it\/fr\/nouvelles\/","og_locale":"fr_FR","og_type":"article","og_title":"Blog &#8226; Museo di Triora","og_description":"Nouvelles, mises \u00e0 jour, aper\u00e7us : ce qu'il faut pour rester au courant de qui gravite autour du Mus\u00e9e Triora","og_url":"https:\/\/museoditriora.it\/fr\/nouvelles\/","og_site_name":"Museo di Triora","article_publisher":"https:\/\/www.facebook.com\/museoditriora","article_modified_time":"2022-07-22T11:01:19+00:00","og_image":[{"width":584,"height":584,"url":"https:\/\/museoditriora.it\/wp-content\/uploads\/2021\/09\/Favicon-copia.jpg","type":"image\/jpeg"}],"twitter_card":"summary_large_image","twitter_misc":{"Dur\u00e9e de lecture estim\u00e9e":"2 minutes"},"schema":{"@context":"https:\/\/schema.org","@graph":[{"@type":"WebPage","@id":"https:\/\/museoditriora.it\/fr\/nouvelles\/","url":"https:\/\/museoditriora.it\/fr\/nouvelles\/","name":"Blog &#8226; Museo di Triora","isPartOf":{"@id":"https:\/\/museoditriora.it\/fr\/#website"},"primaryImageOfPage":{"@id":"https:\/\/museoditriora.it\/fr\/nouvelles\/#primaryimage"},"image":{"@id":"https:\/\/museoditriora.it\/fr\/nouvelles\/#primaryimage"},"thumbnailUrl":"https:\/\/museoditriora.it\/wp-content\/uploads\/2021\/09\/Favicon-copia.jpg","datePublished":"2021-09-18T10:44:45+00:00","dateModified":"2022-07-22T11:01:19+00:00","description":"Nouvelles, mises \u00e0 jour, aper\u00e7us : ce qu'il faut pour rester au courant de qui gravite autour du Mus\u00e9e Triora","breadcrumb":{"@id":"https:\/\/museoditriora.it\/fr\/nouvelles\/#breadcrumb"},"inLanguage":"fr-FR","potentialAction":[{"@type":"ReadAction","target":["https:\/\/museoditriora.it\/fr\/nouvelles\/"]}]},{"@type":"ImageObject","inLanguage":"fr-FR","@id":"https:\/\/museoditriora.it\/fr\/nouvelles\/#primaryimage","url":"https:\/\/museoditriora.it\/wp-content\/uploads\/2021\/09\/Favicon-copia.jpg","contentUrl":"https:\/\/museoditriora.it\/wp-content\/uploads\/2021\/09\/Favicon-copia.jpg","width":584,"height":584},{"@type":"BreadcrumbList","@id":"https:\/\/museoditriora.it\/fr\/nouvelles\/#breadcrumb","itemListElement":[{"@type":"ListItem","position":1,"name":"Home","item":"https:\/\/museoditriora.it\/fr\/"},{"@type":"ListItem","position":2,"name":"Blog"}]},{"@type":"WebSite","@id":"https:\/\/museoditriora.it\/fr\/#website","url":"https:\/\/museoditriora.it\/fr\/","name":"Museo di Triora","description":"Il Museo Diffuso di Triora","publisher":{"@id":"https:\/\/museoditriora.it\/fr\/#organization"},"alternateName":"Museo di Triora","potentialAction":[{"@type":"SearchAction","target":{"@type":"EntryPoint","urlTemplate":"https:\/\/museoditriora.it\/fr\/?s={search_term_string}"},"query-input":{"@type":"PropertyValueSpecification","valueRequired":true,"valueName":"search_term_string"}}],"inLanguage":"fr-FR"},{"@type":"Organization","@id":"https:\/\/museoditriora.it\/fr\/#organization","name":"Museo Triora","url":"https:\/\/museoditriora.it\/fr\/","logo":{"@type":"ImageObject","inLanguage":"fr-FR","@id":"https:\/\/museoditriora.it\/fr\/#\/schema\/logo\/image\/","url":"https:\/\/museoditriora.it\/wp-content\/uploads\/2021\/09\/Favicon-copia.jpg","contentUrl":"https:\/\/museoditriora.it\/wp-content\/uploads\/2021\/09\/Favicon-copia.jpg","width":584,"height":584,"caption":"Museo Triora"},"image":{"@id":"https:\/\/museoditriora.it\/fr\/#\/schema\/logo\/image\/"},"sameAs":["https:\/\/www.facebook.com\/museoditriora","https:\/\/www.instagram.com\/museoditriora\/"]}]}},"_links":{"self":[{"href":"https:\/\/museoditriora.it\/fr\/wp-json\/wp\/v2\/pages\/242056","targetHints":{"allow":["GET"]}}],"collection":[{"href":"https:\/\/museoditriora.it\/fr\/wp-json\/wp\/v2\/pages"}],"about":[{"href":"https:\/\/museoditriora.it\/fr\/wp-json\/wp\/v2\/types\/page"}],"author":[{"embeddable":true,"href":"https:\/\/museoditriora.it\/fr\/wp-json\/wp\/v2\/users\/1"}],"replies":[{"embeddable":true,"href":"https:\/\/museoditriora.it\/fr\/wp-json\/wp\/v2\/comments?post=242056"}],"version-history":[{"count":0,"href":"https:\/\/museoditriora.it\/fr\/wp-json\/wp\/v2\/pages\/242056\/revisions"}],"wp:featuredmedia":[{"embeddable":true,"href":"https:\/\/museoditriora.it\/fr\/wp-json\/wp\/v2\/media\/242532"}],"wp:attachment":[{"href":"https:\/\/museoditriora.it\/fr\/wp-json\/wp\/v2\/media?parent=242056"}],"curies":[{"name":"wp","href":"https:\/\/api.w.org\/{rel}","templated":true}]}}